{"id":69,"date":"2020-09-29T12:17:52","date_gmt":"2020-09-29T09:17:52","guid":{"rendered":"https:\/\/www.haysal.com.tr\/makina-parki\/"},"modified":"2020-09-29T12:21:08","modified_gmt":"2020-09-29T09:21:08","slug":"equipment-pool","status":"publish","type":"page","link":"https:\/\/www.haysal.com.tr\/en\/equipment-pool\/","title":{"rendered":"Equipment Pool"},"content":{"rendered":"<table border=\"0\" cellspacing=\"0\" cellpadding=\"0\">\n<tbody>\n<tr>\n<td width=\"61\" height=\"17\"><strong>ORDER NO<\/strong><\/td>\n<td width=\"345\"><strong>BRANDA &amp; TYPE<\/strong><\/td>\n<td width=\"57\"><strong>MODEL<\/strong><\/td>\n<td width=\"41\"><strong>PIECE<\/strong><\/td>\n<\/tr>\n<tr>\n<td colspan=\"4\" width=\"504\" height=\"17\"><strong>PASSENGER CARS<\/strong><\/td>\n<\/tr>\n<tr>\n<td width=\"61\" height=\"17\">1<\/td>\n<td width=\"345\">RENAULT FLUENCE<\/td>\n<td width=\"57\">2015<\/td>\n<td width=\"41\">1<\/td>\n<\/tr>\n<tr>\n<td width=\"61\" height=\"17\">2<\/td>\n<td width=\"345\">RENAULT FLUENCE<\/td>\n<td width=\"57\">2011<\/td>\n<td width=\"41\">1<\/td>\n<\/tr>\n<tr>\n<td width=\"61\" height=\"17\">3<\/td>\n<td width=\"345\">MERCEDES C180K<\/td>\n<td width=\"57\">2009<\/td>\n<td width=\"41\">1<\/td>\n<\/tr>\n<tr>\n<td width=\"61\" height=\"17\">4<\/td>\n<td width=\"345\">TOYOTA RAW 4 A\/T EXTRA<\/td>\n<td width=\"57\">2008<\/td>\n<td width=\"41\">1<\/td>\n<\/tr>\n<tr>\n<td width=\"61\" height=\"17\">5<\/td>\n<td width=\"345\">LAND ROVER JEEP 3.0 TD6<\/td>\n<td width=\"57\">2006<\/td>\n<td width=\"41\">1<\/td>\n<\/tr>\n<tr>\n<td width=\"61\" height=\"17\">6<\/td>\n<td width=\"345\">BMW 3.20\u0130 SEDAN<\/td>\n<td width=\"57\">2001<\/td>\n<td width=\"41\">1<\/td>\n<\/tr>\n<tr>\n<td colspan=\"4\" width=\"504\" height=\"17\"><\/td>\n<\/tr>\n<tr>\n<td colspan=\"4\" width=\"504\" height=\"17\"><strong>PICKUP TRUCKS<\/strong><\/td>\n<\/tr>\n<tr>\n<td width=\"61\" height=\"17\">7<\/td>\n<td width=\"345\">FORD TRANS\u0130T<\/td>\n<td width=\"57\">2016<\/td>\n<td width=\"41\">1<\/td>\n<\/tr>\n<tr>\n<td width=\"61\" height=\"17\">8<\/td>\n<td width=\"345\">RENAULT KANGOO<\/td>\n<td width=\"57\">2016<\/td>\n<td width=\"41\">1<\/td>\n<\/tr>\n<tr>\n<td width=\"61\" height=\"17\">9<\/td>\n<td width=\"345\">RENAULT KANGOO MULTIX EXTR. 1.5 DCI<\/td>\n<td width=\"57\">2011<\/td>\n<td width=\"41\">1<\/td>\n<\/tr>\n<tr>\n<td width=\"61\" height=\"17\">10<\/td>\n<td width=\"345\">\u0130SUZU NPR 66 TURBO<\/td>\n<td width=\"57\">2007<\/td>\n<td width=\"41\">1<\/td>\n<\/tr>\n<tr>\n<td colspan=\"4\" width=\"504\" height=\"17\"><\/td>\n<\/tr>\n<tr>\n<td colspan=\"4\" width=\"504\" height=\"17\"><strong>WRECKERS AND TRUCKS<\/strong><\/td>\n<\/tr>\n<tr>\n<td colspan=\"4\" width=\"504\" height=\"17\"><strong>a) WRECKERS<\/strong><\/td>\n<\/tr>\n<tr>\n<td width=\"61\" height=\"17\">11<\/td>\n<td width=\"345\">MERCEDES BENZ1840 LS \u00c7EK\u0130C\u0130<\/td>\n<td width=\"57\">2011<\/td>\n<td width=\"41\">1<\/td>\n<\/tr>\n<tr>\n<td width=\"61\" height=\"17\">12<\/td>\n<td width=\"345\">MERCEDES BENZ1840 LS \u00c7EK\u0130C\u0130<\/td>\n<td width=\"57\">2007<\/td>\n<td width=\"41\">1<\/td>\n<\/tr>\n<tr>\n<td colspan=\"4\" width=\"504\" height=\"17\"><\/td>\n<\/tr>\n<tr>\n<td colspan=\"4\" width=\"504\" height=\"17\"><strong>b) TRUCKS<\/strong><\/td>\n<\/tr>\n<tr>\n<td width=\"61\" height=\"17\">13<\/td>\n<td width=\"345\">MERCEDES BENZ 2528 K KAMYON<\/td>\n<td width=\"57\">2008<\/td>\n<td width=\"41\">1<\/td>\n<\/tr>\n<tr>\n<td width=\"61\" height=\"17\">14<\/td>\n<td width=\"345\">MERCEDES BENZ 2528 K KAMYON<\/td>\n<td width=\"57\">2007<\/td>\n<td width=\"41\">2<\/td>\n<\/tr>\n<tr>\n<td width=\"61\" height=\"17\">15<\/td>\n<td width=\"345\">MERCEDES BENZ 3340 K KAMYON (6X4)<\/td>\n<td width=\"57\">2007<\/td>\n<td width=\"41\">3<\/td>\n<\/tr>\n<tr>\n<td width=\"61\" height=\"17\">16<\/td>\n<td width=\"345\">DODGE AS 950 KAMYON<\/td>\n<td width=\"57\">2001<\/td>\n<td width=\"41\">2<\/td>\n<\/tr>\n<tr>\n<td width=\"61\" height=\"17\">17<\/td>\n<td width=\"345\">DODGE AS 950 KAMYON<\/td>\n<td width=\"57\">2000<\/td>\n<td width=\"41\">2<\/td>\n<\/tr>\n<tr>\n<td width=\"61\" height=\"17\">18<\/td>\n<td width=\"345\">FORD CARGO 2520 (ARAZ\u00d6Z)<\/td>\n<td width=\"57\">1996<\/td>\n<td width=\"41\">1<\/td>\n<\/tr>\n<tr>\n<td colspan=\"4\" width=\"504\" height=\"17\"><\/td>\n<\/tr>\n<tr>\n<td colspan=\"4\" width=\"504\" height=\"17\"><strong>BUSINESS MACHINES<\/strong><\/td>\n<\/tr>\n<tr>\n<td colspan=\"4\" width=\"504\" height=\"17\"><strong>a) EXCAVATORS<\/strong><\/td>\n<\/tr>\n<tr>\n<td width=\"61\" height=\"17\">19<\/td>\n<td width=\"345\">CATERPILLAR 329 DL PALETL\u0130 EKSKAVAT\u00d6R<\/td>\n<td width=\"57\">2012<\/td>\n<td width=\"41\">1<\/td>\n<\/tr>\n<tr>\n<td width=\"61\" height=\"17\">20<\/td>\n<td width=\"345\">CATERPILLAR 320 DL PALETL\u0130 EKSKAVAT\u00d6R<\/td>\n<td width=\"57\">2012<\/td>\n<td width=\"41\">1<\/td>\n<\/tr>\n<tr>\n<td width=\"61\" height=\"17\">21<\/td>\n<td width=\"345\">CATERPILLAR 320 BL PALETL\u0130 EKSKAVAT\u00d6R<\/td>\n<td width=\"57\">2000<\/td>\n<td width=\"41\">1<\/td>\n<\/tr>\n<tr>\n<td width=\"61\" height=\"17\">22<\/td>\n<td width=\"345\">CATERPILLAR 325 BLME PALETL\u0130 EKSKAVAT\u00d6R<\/td>\n<td width=\"57\">1998<\/td>\n<td width=\"41\">1<\/td>\n<\/tr>\n<tr>\n<td colspan=\"4\" width=\"504\" height=\"17\"><\/td>\n<\/tr>\n<tr>\n<td colspan=\"4\" width=\"504\" height=\"17\"><strong>b) DOZERS<\/strong><\/td>\n<\/tr>\n<tr>\n<td width=\"61\" height=\"17\">23<\/td>\n<td width=\"345\">CATERPILLAR D-8 K DOZER<\/td>\n<td width=\"57\">1984<\/td>\n<td width=\"41\">1<\/td>\n<\/tr>\n<tr>\n<td colspan=\"4\" width=\"504\" height=\"17\"><\/td>\n<\/tr>\n<tr>\n<td colspan=\"4\" width=\"504\" height=\"17\"><strong>c) LOADERS<\/strong><\/td>\n<\/tr>\n<tr>\n<td width=\"61\" height=\"17\">24<\/td>\n<td width=\"345\">CATERPILLAR 950 G LAST\u0130K TEKERLEKL\u0130 Y\u00dcKLEY\u0130C\u0130<\/td>\n<td width=\"57\">1998<\/td>\n<td width=\"41\">2<\/td>\n<\/tr>\n<tr>\n<td width=\"61\" height=\"17\">25<\/td>\n<td width=\"345\">CATERPILLAR 955 L PALETL\u0130 Y\u00dcKLEY\u0130C\u0130<\/td>\n<td width=\"57\">1973<\/td>\n<td width=\"41\">1<\/td>\n<\/tr>\n<tr>\n<td colspan=\"4\" width=\"504\" height=\"17\"><\/td>\n<\/tr>\n<tr>\n<td colspan=\"4\" width=\"504\" height=\"17\"><strong>d) BACKHOE LOADERS<\/strong><\/td>\n<\/tr>\n<tr>\n<td width=\"61\" height=\"17\">26<\/td>\n<td width=\"345\">CATERPILLAR 432 F BEKOLU Y\u00dcKLEY\u0130C\u0130<\/td>\n<td width=\"57\">2012<\/td>\n<td width=\"41\">1<\/td>\n<\/tr>\n<tr>\n<td width=\"61\" height=\"17\">27<\/td>\n<td width=\"345\">CATERPILLAR 432 E BEKOLU Y\u00dcKLEY\u0130C\u0130<\/td>\n<td width=\"57\">2006<\/td>\n<td width=\"41\">1<\/td>\n<\/tr>\n<tr>\n<td width=\"61\" height=\"17\">28<\/td>\n<td width=\"345\">CATERPILLAR 428 C BEKOLU Y\u00dcKLEY\u0130C\u0130<\/td>\n<td width=\"57\">2000<\/td>\n<td width=\"41\">1<\/td>\n<\/tr>\n<tr>\n<td colspan=\"4\" width=\"504\" height=\"17\"><\/td>\n<\/tr>\n<tr>\n<td colspan=\"4\" width=\"504\" height=\"17\"><strong>e) ROLLERS<\/strong><\/td>\n<\/tr>\n<tr>\n<td width=\"61\" height=\"17\">29<\/td>\n<td width=\"345\">V\u0130BROMAX S\u0130L\u0130ND\u0130R W1103 D<\/td>\n<td width=\"57\">2000<\/td>\n<td width=\"41\">1<\/td>\n<\/tr>\n<tr>\n<td width=\"61\" height=\"17\">30<\/td>\n<td width=\"345\">V\u0130BROMAX S\u0130L\u0130ND\u0130R 1102 D<\/td>\n<td width=\"57\">1990<\/td>\n<td width=\"41\">1<\/td>\n<\/tr>\n<tr>\n<td colspan=\"4\" width=\"504\" height=\"17\"><\/td>\n<\/tr>\n<tr>\n<td colspan=\"4\" width=\"504\" height=\"17\"><strong>f) GRADERS<\/strong><\/td>\n<\/tr>\n<tr>\n<td width=\"61\" height=\"17\">31<\/td>\n<td width=\"345\">VOLVO G 720 B GREYDER<\/td>\n<td width=\"57\">2005<\/td>\n<td width=\"41\">1<\/td>\n<\/tr>\n<tr>\n<td width=\"61\" height=\"17\">32<\/td>\n<td width=\"345\">CATERPILLAR 140 G GREYDER<\/td>\n<td width=\"57\">2000<\/td>\n<td width=\"41\">1<\/td>\n<\/tr>\n<tr>\n<td colspan=\"4\" width=\"504\" height=\"17\"><\/td>\n<\/tr>\n<tr>\n<td colspan=\"4\" width=\"504\" height=\"17\"><strong>g) TRACTORS<\/strong><\/td>\n<\/tr>\n<tr>\n<td width=\"61\" height=\"17\">33<\/td>\n<td width=\"345\">MASSEY FERGUSON MF 240 S TRAKT\u00d6R<\/td>\n<td width=\"57\">1993<\/td>\n<td width=\"41\">1<\/td>\n<\/tr>\n<tr>\n<td width=\"61\" height=\"17\">34<\/td>\n<td width=\"345\">MASSEY FERGUSON MF 285 S TRAKT\u00d6R<\/td>\n<td width=\"57\">1993<\/td>\n<td width=\"41\">1<\/td>\n<\/tr>\n<tr>\n<td colspan=\"4\" width=\"504\" height=\"17\"><\/td>\n<\/tr>\n<tr>\n<td colspan=\"4\" width=\"504\" height=\"17\"><strong>h) TRAILERS<\/strong><\/td>\n<\/tr>\n<tr>\n<td width=\"61\" height=\"17\">35<\/td>\n<td width=\"345\">MEILLER YARI R\u00d6MORK DAMPERL\u0130<\/td>\n<td width=\"57\">2011<\/td>\n<td width=\"41\">2<\/td>\n<\/tr>\n<tr>\n<td width=\"61\" height=\"17\">36<\/td>\n<td width=\"345\">BELGEMEN YARI R\u00d6MORK KURUY\u00dcK<\/td>\n<td width=\"57\">2011<\/td>\n<td width=\"41\">1<\/td>\n<\/tr>\n<tr>\n<td width=\"61\" height=\"17\">37<\/td>\n<td width=\"345\">G\u00dcRELO\u011eLU YARI R\u00d6MORK LOW-BED<\/td>\n<td width=\"57\">2009<\/td>\n<td width=\"41\">1<\/td>\n<\/tr>\n<tr>\n<td width=\"61\" height=\"17\">38<\/td>\n<td width=\"345\">\u00d6ZSAN YARI R\u00d6MORK LOW-BED<\/td>\n<td width=\"57\">2001<\/td>\n<td width=\"41\">1<\/td>\n<\/tr>\n<tr>\n<td colspan=\"4\" width=\"504\" height=\"17\"><\/td>\n<\/tr>\n<tr>\n<td colspan=\"4\" width=\"504\" height=\"17\"><strong>\u0131) CRUSHERS<\/strong><\/td>\n<\/tr>\n<tr>\n<td width=\"61\" height=\"17\">39<\/td>\n<td width=\"345\">RAMMER E 65 KIRICI<\/td>\n<td width=\"57\">2000<\/td>\n<td width=\"41\">1<\/td>\n<\/tr>\n<tr>\n<td width=\"61\" height=\"17\">40<\/td>\n<td width=\"345\">CATERPILLAR 70 KIRICI<\/td>\n<td width=\"57\">2000<\/td>\n<td width=\"41\">2<\/td>\n<\/tr>\n<tr>\n<td width=\"61\" height=\"17\">41<\/td>\n<td width=\"345\">FURUKAWA HB 15 G KIRICI<\/td>\n<td width=\"57\">1999<\/td>\n<td width=\"41\">1<\/td>\n<\/tr>\n<tr>\n<td width=\"61\" height=\"17\">42<\/td>\n<td width=\"345\">FURUKAWA HB 30 G KIRICI<\/td>\n<td width=\"57\">1998<\/td>\n<td width=\"41\">1<\/td>\n<\/tr>\n<tr>\n<td colspan=\"4\" width=\"504\" height=\"17\"><\/td>\n<\/tr>\n<tr>\n<td colspan=\"4\" width=\"504\" height=\"17\"><strong>i) OTHER<\/strong><\/td>\n<\/tr>\n<tr>\n<td width=\"61\" height=\"17\">43<\/td>\n<td width=\"345\">TAKIM KONKAS\u00d6R 140&#8217;LIK<\/td>\n<td width=\"57\">2002<\/td>\n<td width=\"41\">1<\/td>\n<\/tr>\n<tr>\n<td width=\"61\" height=\"17\">44<\/td>\n<td width=\"345\">DR 602 LD V\u0130BRASYONLU S\u0130L\u0130ND\u0130R<\/td>\n<td width=\"57\">2001<\/td>\n<td width=\"41\">1<\/td>\n<\/tr>\n<tr>\n<td width=\"61\" height=\"17\">45<\/td>\n<td width=\"345\">\u00c7EK\u0130L\u0130R T\u0130P V\u0130BRASYONLU S\u0130L\u0130ND\u0130R (7-14) TON<\/td>\n<td width=\"57\">1984<\/td>\n<td width=\"41\">1<\/td>\n<\/tr>\n<\/tbody>\n<\/table>\n","protected":false},"excerpt":{"rendered":"<p>ORDER NO BRANDA &amp; TYPE MODEL PIECE PASSENGER CARS 1 RENAULT FLUENCE 2015 1 2 RENAULT FLUENCE 2011 1 3 MERCEDES C180K 2009 1 4 TOYOTA<span class=\"excerpt-hellip\"> [\u2026]<\/span><\/p>\n","protected":false},"author":1,"featured_media":0,"parent":0,"menu_order":0,"comment_status":"closed","ping_status":"closed","template":"","meta":{"rs_blank_template":"","rs_page_bg_color":"#ffffff","slide_template_v7":"","footnotes":""},"class_list":["post-69","page","type-page","status-publish","hentry"],"_links":{"self":[{"href":"https:\/\/www.haysal.com.tr\/en\/wp-json\/wp\/v2\/pages\/69","targetHints":{"allow":["GET"]}}],"collection":[{"href":"https:\/\/www.haysal.com.tr\/en\/wp-json\/wp\/v2\/pages"}],"about":[{"href":"https:\/\/www.haysal.com.tr\/en\/wp-json\/wp\/v2\/types\/page"}],"author":[{"embeddable":true,"href":"https:\/\/www.haysal.com.tr\/en\/wp-json\/wp\/v2\/users\/1"}],"replies":[{"embeddable":true,"href":"https:\/\/www.haysal.com.tr\/en\/wp-json\/wp\/v2\/comments?post=69"}],"version-history":[{"count":3,"href":"https:\/\/www.haysal.com.tr\/en\/wp-json\/wp\/v2\/pages\/69\/revisions"}],"predecessor-version":[{"id":72,"href":"https:\/\/www.haysal.com.tr\/en\/wp-json\/wp\/v2\/pages\/69\/revisions\/72"}],"wp:attachment":[{"href":"https:\/\/www.haysal.com.tr\/en\/wp-json\/wp\/v2\/media?parent=69"}],"curies":[{"name":"wp","href":"https:\/\/api.w.org\/{rel}","templated":true}]}}