{"id":33,"date":"2020-09-29T12:06:15","date_gmt":"2020-09-29T09:06:15","guid":{"rendered":"https:\/\/www.haysal.com.tr\/yonetim-kurulu\/"},"modified":"2024-02-07T16:49:26","modified_gmt":"2024-02-07T13:49:26","slug":"board-of-directors","status":"publish","type":"page","link":"https:\/\/www.haysal.com.tr\/en\/board-of-directors\/","title":{"rendered":"Board of Directors"},"content":{"rendered":"<table>\n<tbody>\n<tr>\n<td width=\"220\">Chairman of Board of Directors<\/td>\n<td width=\"16\">:<\/td>\n<td>Mehmet Salih C\u0130ZREL\u0130O\u011eULLARI<\/td>\n<\/tr>\n<\/tbody>\n<\/table>\n","protected":false},"excerpt":{"rendered":"<p>Chairman of Board of Directors : Mehmet Salih C\u0130ZREL\u0130O\u011eULLARI<\/p>\n","protected":false},"author":1,"featured_media":0,"parent":0,"menu_order":0,"comment_status":"closed","ping_status":"closed","template":"","meta":{"rs_blank_template":"","rs_page_bg_color":"","slide_template_v7":"","footnotes":""},"class_list":["post-33","page","type-page","status-publish","hentry"],"_links":{"self":[{"href":"https:\/\/www.haysal.com.tr\/en\/wp-json\/wp\/v2\/pages\/33","targetHints":{"allow":["GET"]}}],"collection":[{"href":"https:\/\/www.haysal.com.tr\/en\/wp-json\/wp\/v2\/pages"}],"about":[{"href":"https:\/\/www.haysal.com.tr\/en\/wp-json\/wp\/v2\/types\/page"}],"author":[{"embeddable":true,"href":"https:\/\/www.haysal.com.tr\/en\/wp-json\/wp\/v2\/users\/1"}],"replies":[{"embeddable":true,"href":"https:\/\/www.haysal.com.tr\/en\/wp-json\/wp\/v2\/comments?post=33"}],"version-history":[{"count":5,"href":"https:\/\/www.haysal.com.tr\/en\/wp-json\/wp\/v2\/pages\/33\/revisions"}],"predecessor-version":[{"id":852,"href":"https:\/\/www.haysal.com.tr\/en\/wp-json\/wp\/v2\/pages\/33\/revisions\/852"}],"wp:attachment":[{"href":"https:\/\/www.haysal.com.tr\/en\/wp-json\/wp\/v2\/media?parent=33"}],"curies":[{"name":"wp","href":"https:\/\/api.w.org\/{rel}","templated":true}]}}