{"id":111,"date":"2020-09-30T09:57:00","date_gmt":"2020-09-30T06:57:00","guid":{"rendered":"https:\/\/www.haysal.com.tr\/haysal-insaat-tic-ve-san-a-s\/"},"modified":"2024-02-07T17:00:31","modified_gmt":"2024-02-07T14:00:31","slug":"haysal-construction-industry-and-trade-co-ltd","status":"publish","type":"page","link":"https:\/\/www.haysal.com.tr\/en\/haysal-construction-industry-and-trade-co-ltd\/","title":{"rendered":"Haysal Construction Industry and Trade Co. Ltd."},"content":{"rendered":"<p><img loading=\"lazy\" decoding=\"async\" class=\"aligncenter size-full wp-image-18\" src=\"https:\/\/www.haysal.com.tr\/wp-content\/uploads\/2020\/09\/logo.png\" alt=\"\" width=\"244\" height=\"61\" srcset=\"https:\/\/www.haysal.com.tr\/wp-content\/uploads\/2020\/09\/logo.png 244w, https:\/\/www.haysal.com.tr\/wp-content\/uploads\/2020\/09\/logo-50x13.png 50w, https:\/\/www.haysal.com.tr\/wp-content\/uploads\/2020\/09\/logo-150x38.png 150w\" sizes=\"auto, (max-width:767px) 244px, 244px\" \/><\/p>\n<table>\n<tbody>\n<tr>\n<td colspan=\"3\"><strong>Haysal \u0130n\u015faat Tic. ve San. A.\u015e<\/strong><\/td>\n<\/tr>\n<tr>\n<td>Address<\/td>\n<td>:<\/td>\n<td>U\u011fur Mumcu Caddesi No:39\/4 Gaziosmanpa\u015fa \/ ANKARA<\/td>\n<\/tr>\n<tr>\n<td>Telephone<\/td>\n<td>:<\/td>\n<td>+90 312 446 66 69<\/td>\n<\/tr>\n<tr>\n<td>Fax<\/td>\n<td>:<\/td>\n<td>+90 312 447 52 72<\/td>\n<\/tr>\n<tr>\n<td>E &#8211; Mail<\/td>\n<td>:<\/td>\n<td><a href=\"mailto:info@haysal.com.tr\">info@haysal.com.tr<\/a><\/td>\n<\/tr>\n<tr>\n<td>Web<\/td>\n<td>:<\/td>\n<td><a href=\"http:\/\/www.haysal.com.tr\/\" target=\"_blank\" rel=\"noopener noreferrer\">www.haysal.com.tr<\/a><\/td>\n<\/tr>\n<\/tbody>\n<\/table>\n<p><iframe loading=\"lazy\" style=\"border: 0;\" src=\"https:\/\/www.google.com\/maps\/embed?pb=!1m14!1m8!1m3!1d12244.810262588151!2d32.8742842!3d39.8920968!3m2!1i1024!2i768!4f13.1!3m3!1m2!1s0x14d34f9363ed59a7%3A0xd882a9e2cd079a05!2sHaysal%20%C4%B0n%C5%9Faat%20Tic.%20ve%20San.%20A.%C5%9E.!5e0!3m2!1str!2str!4v1707314387951!5m2!1str!2str\" width=\"100%\" height=\"450\" allowfullscreen=\"allowfullscreen\"><span data-mce-type=\"bookmark\" style=\"display: inline-block; width: 0px; overflow: hidden; line-height: 0;\" class=\"mce_SELRES_start\">\ufeff<\/span><\/iframe><\/p>\n","protected":false},"excerpt":{"rendered":"<p>Haysal \u0130n\u015faat Tic. ve San. A.\u015e Address : U\u011fur Mumcu Caddesi No:39\/4 Gaziosmanpa\u015fa \/ ANKARA Telephone : +90 312 446 66 69 Fax : +90 312<span class=\"excerpt-hellip\"> [\u2026]<\/span><\/p>\n","protected":false},"author":1,"featured_media":0,"parent":0,"menu_order":0,"comment_status":"closed","ping_status":"closed","template":"","meta":{"rs_blank_template":"","rs_page_bg_color":"","slide_template_v7":"","footnotes":""},"class_list":["post-111","page","type-page","status-publish","hentry"],"_links":{"self":[{"href":"https:\/\/www.haysal.com.tr\/en\/wp-json\/wp\/v2\/pages\/111","targetHints":{"allow":["GET"]}}],"collection":[{"href":"https:\/\/www.haysal.com.tr\/en\/wp-json\/wp\/v2\/pages"}],"about":[{"href":"https:\/\/www.haysal.com.tr\/en\/wp-json\/wp\/v2\/types\/page"}],"author":[{"embeddable":true,"href":"https:\/\/www.haysal.com.tr\/en\/wp-json\/wp\/v2\/users\/1"}],"replies":[{"embeddable":true,"href":"https:\/\/www.haysal.com.tr\/en\/wp-json\/wp\/v2\/comments?post=111"}],"version-history":[{"count":5,"href":"https:\/\/www.haysal.com.tr\/en\/wp-json\/wp\/v2\/pages\/111\/revisions"}],"predecessor-version":[{"id":857,"href":"https:\/\/www.haysal.com.tr\/en\/wp-json\/wp\/v2\/pages\/111\/revisions\/857"}],"wp:attachment":[{"href":"https:\/\/www.haysal.com.tr\/en\/wp-json\/wp\/v2\/media?parent=111"}],"curies":[{"name":"wp","href":"https:\/\/api.w.org\/{rel}","templated":true}]}}